{"id":492,"date":"2023-12-22T09:42:20","date_gmt":"2023-12-22T08:42:20","guid":{"rendered":"https:\/\/sbconsultingeurope.com\/?page_id=492"},"modified":"2023-12-22T17:00:50","modified_gmt":"2023-12-22T16:00:50","slug":"portfolio","status":"publish","type":"page","link":"https:\/\/sbamadvisors.com\/?page_id=492&lang=es","title":{"rendered":"Portfolio"},"content":{"rendered":"\t\t<div data-elementor-type=\"wp-page\" data-elementor-id=\"492\" class=\"elementor elementor-492\" data-elementor-post-type=\"page\">\n\t\t\t\t<div class=\"elementor-element elementor-element-5dfbb04d e-con-full e-flex e-con e-parent\" data-id=\"5dfbb04d\" data-element_type=\"container\" data-settings=\"{&quot;background_background&quot;:&quot;classic&quot;}\">\n\t\t<div class=\"elementor-element elementor-element-5095de20 e-con-full e-flex e-con e-child\" data-id=\"5095de20\" data-element_type=\"container\" data-settings=\"{&quot;background_background&quot;:&quot;classic&quot;}\">\n\t\t<div class=\"elementor-element elementor-element-733056d7 e-flex e-con-boxed e-con e-child\" data-id=\"733056d7\" data-element_type=\"container\">\n\t\t\t\t\t<div class=\"e-con-inner\">\n\t\t<div class=\"elementor-element elementor-element-14e94687 e-con-full e-flex e-con e-child\" data-id=\"14e94687\" data-element_type=\"container\" data-settings=\"{&quot;background_background&quot;:&quot;classic&quot;}\">\n\t\t\t\t<div class=\"elementor-element elementor-element-283515d7 elementor-invisible elementor-widget elementor-widget-heading\" data-id=\"283515d7\" data-element_type=\"widget\" data-settings=\"{&quot;_animation&quot;:&quot;fadeInDown&quot;}\" data-widget_type=\"heading.default\">\n\t\t\t\t<div class=\"elementor-widget-container\">\n\t\t\t<h1 class=\"elementor-heading-title elementor-size-default\">Nuestras estructuras<\/h1>\t\t<\/div>\n\t\t\t\t<\/div>\n\t\t\t\t<div class=\"elementor-element elementor-element-7e98217f elementor-invisible elementor-widget elementor-widget-text-editor\" data-id=\"7e98217f\" data-element_type=\"widget\" data-settings=\"{&quot;_animation&quot;:&quot;fadeInLeft&quot;}\" data-widget_type=\"text-editor.default\">\n\t\t\t\t<div class=\"elementor-widget-container\">\n\t\t\t\t\t\t\t<p>Escaparate de la elegancia: Nuestra galer\u00eda de propiedades atemporales<\/p>\t\t\t\t\t\t<\/div>\n\t\t\t\t<\/div>\n\t\t\t\t<\/div>\n\t\t\t\t\t<\/div>\n\t\t\t\t<\/div>\n\t\t<div class=\"elementor-element elementor-element-6f3f53f9 e-con-full e-flex e-con e-child\" data-id=\"6f3f53f9\" data-element_type=\"container\">\n\t\t<div class=\"elementor-element elementor-element-39169e3f e-con-full e-flex e-con e-child\" data-id=\"39169e3f\" data-element_type=\"container\" data-settings=\"{&quot;background_background&quot;:&quot;classic&quot;}\">\n\t\t\t\t<div class=\"elementor-element elementor-element-7e2c0ade elementor-widget elementor-widget-image\" data-id=\"7e2c0ade\" data-element_type=\"widget\" data-widget_type=\"image.default\">\n\t\t\t\t<div class=\"elementor-widget-container\">\n\t\t\t\t\t\t\t\t\t\t\t\t\t<img fetchpriority=\"high\" decoding=\"async\" width=\"1920\" height=\"185\" src=\"https:\/\/sbamadvisors.com\/wp-content\/uploads\/2023\/12\/bg-hero-pages-luxior-by-hellokuro-and-okko-w-1.png\" class=\"attachment-full size-full wp-image-502\" alt=\"\" srcset=\"https:\/\/sbamadvisors.com\/wp-content\/uploads\/2023\/12\/bg-hero-pages-luxior-by-hellokuro-and-okko-w-1.png 1920w, https:\/\/sbamadvisors.com\/wp-content\/uploads\/2023\/12\/bg-hero-pages-luxior-by-hellokuro-and-okko-w-1-300x29.png 300w, https:\/\/sbamadvisors.com\/wp-content\/uploads\/2023\/12\/bg-hero-pages-luxior-by-hellokuro-and-okko-w-1-1024x99.png 1024w, https:\/\/sbamadvisors.com\/wp-content\/uploads\/2023\/12\/bg-hero-pages-luxior-by-hellokuro-and-okko-w-1-768x74.png 768w, https:\/\/sbamadvisors.com\/wp-content\/uploads\/2023\/12\/bg-hero-pages-luxior-by-hellokuro-and-okko-w-1-1536x148.png 1536w\" sizes=\"(max-width: 1920px) 100vw, 1920px\" \/>\t\t\t\t\t\t\t\t\t\t\t\t\t<\/div>\n\t\t\t\t<\/div>\n\t\t\t\t<\/div>\n\t\t\t\t<\/div>\n\t\t\t\t<\/div>\n\t\t\t\t<\/div>\n\t\t<div class=\"elementor-element elementor-element-62bd62e0 e-flex e-con-boxed e-con e-parent\" data-id=\"62bd62e0\" data-element_type=\"container\">\n\t\t\t\t\t<div class=\"e-con-inner\">\n\t\t<div class=\"elementor-element elementor-element-c0ead5e e-con-full e-flex e-con e-child\" data-id=\"c0ead5e\" data-element_type=\"container\">\n\t\t<div class=\"elementor-element elementor-element-b6246a2 e-con-full e-flex e-con e-child\" data-id=\"b6246a2\" data-element_type=\"container\" data-settings=\"{&quot;background_background&quot;:&quot;classic&quot;}\">\n\t\t<div class=\"elementor-element elementor-element-5f61724b e-con-full e-flex e-con e-child\" data-id=\"5f61724b\" data-element_type=\"container\">\n\t\t\t\t<div class=\"elementor-element elementor-element-a36bd33 elementor-widget elementor-widget-spacer\" data-id=\"a36bd33\" data-element_type=\"widget\" data-widget_type=\"spacer.default\">\n\t\t\t\t<div class=\"elementor-widget-container\">\n\t\t\t\t\t<div class=\"elementor-spacer\">\n\t\t\t<div class=\"elementor-spacer-inner\"><\/div>\n\t\t<\/div>\n\t\t\t\t<\/div>\n\t\t\t\t<\/div>\n\t\t\t\t<\/div>\n\t\t\t\t<\/div>\n\t\t\t\t<\/div>\n\t\t<div class=\"elementor-element elementor-element-3ace1ab3 e-con-full e-flex e-con e-child\" data-id=\"3ace1ab3\" data-element_type=\"container\">\n\t\t<div class=\"elementor-element elementor-element-5ed9b0fd e-con-full e-flex e-con e-child\" data-id=\"5ed9b0fd\" data-element_type=\"container\">\n\t\t<div class=\"elementor-element elementor-element-4aa41dd5 e-con-full e-flex e-con e-child\" data-id=\"4aa41dd5\" data-element_type=\"container\">\n\t\t\t\t<div class=\"elementor-element elementor-element-1db22b29 elementor-invisible elementor-widget elementor-widget-heading\" data-id=\"1db22b29\" data-element_type=\"widget\" data-settings=\"{&quot;_animation&quot;:&quot;fadeInDown&quot;}\" data-widget_type=\"heading.default\">\n\t\t\t\t<div class=\"elementor-widget-container\">\n\t\t\t<h2 class=\"elementor-heading-title elementor-size-default\">Palazzo San Gregorio<\/h2>\t\t<\/div>\n\t\t\t\t<\/div>\n\t\t\t\t<div class=\"elementor-element elementor-element-62bc6802 elementor-widget elementor-widget-text-editor\" data-id=\"62bc6802\" data-element_type=\"widget\" data-widget_type=\"text-editor.default\">\n\t\t\t\t<div class=\"elementor-widget-container\">\n\t\t\t\t\t\t\t<div class=\"page\" title=\"Page 24\"><div class=\"section\"><div class=\"layoutArea\"><div class=\"column\"><p>Esta incre\u00edble propiedad ha sido completamente renovada y equipada con sofisticados sistemas tecnol\u00f3gicos que domotizan totalmente toda la gesti\u00f3n de su planta.<\/p><\/div><\/div><\/div><\/div>\t\t\t\t\t\t<\/div>\n\t\t\t\t<\/div>\n\t\t\t\t<div class=\"elementor-element elementor-element-66b1491 elementor-mobile-align-center elementor-widget elementor-widget-button\" data-id=\"66b1491\" data-element_type=\"widget\" data-widget_type=\"button.default\">\n\t\t\t\t<div class=\"elementor-widget-container\">\n\t\t\t\t\t\t\t<div class=\"elementor-button-wrapper\">\n\t\t\t\t\t<a class=\"elementor-button elementor-button-link elementor-size-md\" href=\"https:\/\/sbamadvisors.com\/wp-content\/uploads\/2023\/12\/DOC-20230408-WA0010.pdf\">\n\t\t\t\t\t\t<span class=\"elementor-button-content-wrapper\">\n\t\t\t\t\t\t\t\t\t<span class=\"elementor-button-text\">D\u00e9jate Conquistar!<\/span>\n\t\t\t\t\t<\/span>\n\t\t\t\t\t<\/a>\n\t\t\t\t<\/div>\n\t\t\t\t\t\t<\/div>\n\t\t\t\t<\/div>\n\t\t\t\t<\/div>\n\t\t\t\t<\/div>\n\t\t\t\t<\/div>\n\t\t\t\t\t<\/div>\n\t\t\t\t<\/div>\n\t\t<div class=\"elementor-element elementor-element-37d4022f e-flex e-con-boxed e-con e-parent\" data-id=\"37d4022f\" data-element_type=\"container\">\n\t\t\t\t\t<div class=\"e-con-inner\">\n\t\t<div class=\"elementor-element elementor-element-6365d7ee e-con-full elementor-hidden-tablet elementor-hidden-mobile e-flex e-con e-child\" data-id=\"6365d7ee\" data-element_type=\"container\">\n\t\t<div class=\"elementor-element elementor-element-24ad8fae e-con-full e-flex e-con e-child\" data-id=\"24ad8fae\" data-element_type=\"container\">\n\t\t<div class=\"elementor-element elementor-element-41fabe32 e-con-full e-flex e-con e-child\" data-id=\"41fabe32\" data-element_type=\"container\">\n\t\t\t\t<div class=\"elementor-element elementor-element-1835ae2e elementor-invisible elementor-widget elementor-widget-heading\" data-id=\"1835ae2e\" data-element_type=\"widget\" data-settings=\"{&quot;_animation&quot;:&quot;fadeInDown&quot;}\" data-widget_type=\"heading.default\">\n\t\t\t\t<div class=\"elementor-widget-container\">\n\t\t\t<h2 class=\"elementor-heading-title elementor-size-default\">Villa Barbarosa<\/h2>\t\t<\/div>\n\t\t\t\t<\/div>\n\t\t\t\t<div class=\"elementor-element elementor-element-13d12cbe elementor-widget elementor-widget-text-editor\" data-id=\"13d12cbe\" data-element_type=\"widget\" data-widget_type=\"text-editor.default\">\n\t\t\t\t<div class=\"elementor-widget-container\">\n\t\t\t\t\t\t\t<p>Villa privada con espectaculares vistas en Formentera, a pocos metros el Mirador.<\/p>\t\t\t\t\t\t<\/div>\n\t\t\t\t<\/div>\n\t\t\t\t<div class=\"elementor-element elementor-element-5c9d771a elementor-mobile-align-center elementor-widget elementor-widget-button\" data-id=\"5c9d771a\" data-element_type=\"widget\" data-widget_type=\"button.default\">\n\t\t\t\t<div class=\"elementor-widget-container\">\n\t\t\t\t\t\t\t<div class=\"elementor-button-wrapper\">\n\t\t\t\t\t<a class=\"elementor-button elementor-button-link elementor-size-md\" href=\"https:\/\/sbamadvisors.com\/wp-content\/uploads\/2023\/12\/Villa-Barbarosa-Externos-.pdf\">\n\t\t\t\t\t\t<span class=\"elementor-button-content-wrapper\">\n\t\t\t\t\t\t\t\t\t<span class=\"elementor-button-text\">D\u00e9jate Conquistar!<\/span>\n\t\t\t\t\t<\/span>\n\t\t\t\t\t<\/a>\n\t\t\t\t<\/div>\n\t\t\t\t\t\t<\/div>\n\t\t\t\t<\/div>\n\t\t\t\t<\/div>\n\t\t\t\t<\/div>\n\t\t\t\t<\/div>\n\t\t<div class=\"elementor-element elementor-element-5b20eb99 e-con-full e-flex e-con e-child\" data-id=\"5b20eb99\" data-element_type=\"container\">\n\t\t<div class=\"elementor-element elementor-element-458e1e52 e-con-full e-flex e-con e-child\" data-id=\"458e1e52\" data-element_type=\"container\" data-settings=\"{&quot;background_background&quot;:&quot;classic&quot;}\">\n\t\t<div class=\"elementor-element elementor-element-22a21b08 e-con-full e-flex e-con e-child\" data-id=\"22a21b08\" data-element_type=\"container\">\n\t\t\t\t<div class=\"elementor-element elementor-element-6efdda71 elementor-widget elementor-widget-spacer\" data-id=\"6efdda71\" data-element_type=\"widget\" data-widget_type=\"spacer.default\">\n\t\t\t\t<div class=\"elementor-widget-container\">\n\t\t\t\t\t<div class=\"elementor-spacer\">\n\t\t\t<div class=\"elementor-spacer-inner\"><\/div>\n\t\t<\/div>\n\t\t\t\t<\/div>\n\t\t\t\t<\/div>\n\t\t\t\t<\/div>\n\t\t\t\t<\/div>\n\t\t\t\t<\/div>\n\t\t<div class=\"elementor-element elementor-element-1d5b4b02 e-con-full elementor-hidden-desktop e-flex e-con e-child\" data-id=\"1d5b4b02\" data-element_type=\"container\">\n\t\t<div class=\"elementor-element elementor-element-4632799c e-con-full e-flex e-con e-child\" data-id=\"4632799c\" data-element_type=\"container\">\n\t\t<div class=\"elementor-element elementor-element-22a5032a e-con-full e-flex e-con e-child\" data-id=\"22a5032a\" data-element_type=\"container\">\n\t\t\t\t<div class=\"elementor-element elementor-element-74601e0b elementor-invisible elementor-widget elementor-widget-heading\" data-id=\"74601e0b\" data-element_type=\"widget\" data-settings=\"{&quot;_animation&quot;:&quot;fadeInDown&quot;}\" data-widget_type=\"heading.default\">\n\t\t\t\t<div class=\"elementor-widget-container\">\n\t\t\t<h2 class=\"elementor-heading-title elementor-size-default\">Villa Barbarosa<\/h2>\t\t<\/div>\n\t\t\t\t<\/div>\n\t\t\t\t<div class=\"elementor-element elementor-element-2d7c52b elementor-widget elementor-widget-text-editor\" data-id=\"2d7c52b\" data-element_type=\"widget\" data-widget_type=\"text-editor.default\">\n\t\t\t\t<div class=\"elementor-widget-container\">\n\t\t\t\t\t\t\t<p>Villa privada con espectaculares vistas en Formentera, a pocos metros el Mirador.<\/p>\t\t\t\t\t\t<\/div>\n\t\t\t\t<\/div>\n\t\t\t\t<div class=\"elementor-element elementor-element-7decfd3d elementor-mobile-align-center elementor-widget elementor-widget-button\" data-id=\"7decfd3d\" data-element_type=\"widget\" data-widget_type=\"button.default\">\n\t\t\t\t<div class=\"elementor-widget-container\">\n\t\t\t\t\t\t\t<div class=\"elementor-button-wrapper\">\n\t\t\t\t\t<a class=\"elementor-button elementor-button-link elementor-size-md\" href=\"https:\/\/sbamadvisors.com\/wp-content\/uploads\/2023\/12\/Villa-Barbarosa-Externos-.pdf\">\n\t\t\t\t\t\t<span class=\"elementor-button-content-wrapper\">\n\t\t\t\t\t\t\t\t\t<span class=\"elementor-button-text\">D\u00e9jate Conquistar!<\/span>\n\t\t\t\t\t<\/span>\n\t\t\t\t\t<\/a>\n\t\t\t\t<\/div>\n\t\t\t\t\t\t<\/div>\n\t\t\t\t<\/div>\n\t\t\t\t<\/div>\n\t\t\t\t<\/div>\n\t\t\t\t<\/div>\n\t\t\t\t\t<\/div>\n\t\t\t\t<\/div>\n\t\t\t\t<\/div>\n\t\t","protected":false},"excerpt":{"rendered":"<p>Nuestras estructuras Escaparate de la elegancia: Nuestra galer\u00eda de propiedades atemporales Palazzo San Gregorio Esta incre\u00edble propiedad ha sido completamente renovada y equipada con sofisticados sistemas tecnol\u00f3gicos que domotizan totalmente toda la gesti\u00f3n de su planta. D\u00e9jate Conquistar! Villa Barbarosa Villa privada con espectaculares vistas en Formentera, a pocos metros el Mirador. D\u00e9jate Conquistar! Villa [&hellip;]<\/p>\n","protected":false},"author":1,"featured_media":0,"parent":0,"menu_order":0,"comment_status":"closed","ping_status":"closed","template":"","meta":{"footnotes":""},"class_list":["post-492","page","type-page","status-publish","hentry"],"yoast_head":"<!-- This site is optimized with the Yoast SEO plugin v24.0 - https:\/\/yoast.com\/wordpress\/plugins\/seo\/ -->\n<title>Portfolio - SBAM Advisors<\/title>\n<meta name=\"robots\" content=\"index, follow, max-snippet:-1, max-image-preview:large, max-video-preview:-1\" \/>\n<link rel=\"canonical\" href=\"https:\/\/sbamadvisors.com\/?page_id=492&lang=es\" \/>\n<meta property=\"og:locale\" content=\"it_IT\" \/>\n<meta property=\"og:type\" content=\"article\" \/>\n<meta property=\"og:title\" content=\"Portfolio - SBAM Advisors\" \/>\n<meta property=\"og:description\" content=\"Nuestras estructuras Escaparate de la elegancia: Nuestra galer\u00eda de propiedades atemporales Palazzo San Gregorio Esta incre\u00edble propiedad ha sido completamente renovada y equipada con sofisticados sistemas tecnol\u00f3gicos que domotizan totalmente toda la gesti\u00f3n de su planta. D\u00e9jate Conquistar! Villa Barbarosa Villa privada con espectaculares vistas en Formentera, a pocos metros el Mirador. D\u00e9jate Conquistar! Villa [&hellip;]\" \/>\n<meta property=\"og:url\" content=\"https:\/\/sbamadvisors.com\/?page_id=492&amp;lang=es\" \/>\n<meta property=\"og:site_name\" content=\"SBAM Advisors\" \/>\n<meta property=\"article:modified_time\" content=\"2023-12-22T16:00:50+00:00\" \/>\n<meta property=\"og:image\" content=\"https:\/\/sbamadvisors.com\/wp-content\/uploads\/2023\/12\/bg-hero-pages-luxior-by-hellokuro-and-okko-w-1.png\" \/>\n<meta name=\"twitter:card\" content=\"summary_large_image\" \/>\n<meta name=\"twitter:label1\" content=\"Tempo di lettura stimato\" \/>\n\t<meta name=\"twitter:data1\" content=\"1 minuto\" \/>\n<script type=\"application\/ld+json\" class=\"yoast-schema-graph\">{\"@context\":\"https:\/\/schema.org\",\"@graph\":[{\"@type\":\"WebPage\",\"@id\":\"https:\/\/sbamadvisors.com\/?page_id=492&lang=es\",\"url\":\"https:\/\/sbamadvisors.com\/?page_id=492&lang=es\",\"name\":\"Portfolio - SBAM Advisors\",\"isPartOf\":{\"@id\":\"https:\/\/sbamadvisors.com\/#website\"},\"primaryImageOfPage\":{\"@id\":\"https:\/\/sbamadvisors.com\/?page_id=492&lang=es#primaryimage\"},\"image\":{\"@id\":\"https:\/\/sbamadvisors.com\/?page_id=492&lang=es#primaryimage\"},\"thumbnailUrl\":\"https:\/\/sbamadvisors.com\/wp-content\/uploads\/2023\/12\/bg-hero-pages-luxior-by-hellokuro-and-okko-w-1.png\",\"datePublished\":\"2023-12-22T08:42:20+00:00\",\"dateModified\":\"2023-12-22T16:00:50+00:00\",\"breadcrumb\":{\"@id\":\"https:\/\/sbamadvisors.com\/?page_id=492&lang=es#breadcrumb\"},\"inLanguage\":\"it-IT\",\"potentialAction\":[{\"@type\":\"ReadAction\",\"target\":[\"https:\/\/sbamadvisors.com\/?page_id=492&lang=es\"]}]},{\"@type\":\"ImageObject\",\"inLanguage\":\"it-IT\",\"@id\":\"https:\/\/sbamadvisors.com\/?page_id=492&lang=es#primaryimage\",\"url\":\"https:\/\/sbamadvisors.com\/wp-content\/uploads\/2023\/12\/bg-hero-pages-luxior-by-hellokuro-and-okko-w-1.png\",\"contentUrl\":\"https:\/\/sbamadvisors.com\/wp-content\/uploads\/2023\/12\/bg-hero-pages-luxior-by-hellokuro-and-okko-w-1.png\",\"width\":1920,\"height\":185},{\"@type\":\"BreadcrumbList\",\"@id\":\"https:\/\/sbamadvisors.com\/?page_id=492&lang=es#breadcrumb\",\"itemListElement\":[{\"@type\":\"ListItem\",\"position\":1,\"name\":\"Home\",\"item\":\"https:\/\/sbamadvisors.com\/?page_id=103&lang=es\"},{\"@type\":\"ListItem\",\"position\":2,\"name\":\"Portfolio\"}]},{\"@type\":\"WebSite\",\"@id\":\"https:\/\/sbamadvisors.com\/#website\",\"url\":\"https:\/\/sbamadvisors.com\/\",\"name\":\"Sbc Consulting Europe\",\"description\":\"\",\"publisher\":{\"@id\":\"https:\/\/sbamadvisors.com\/#organization\"},\"potentialAction\":[{\"@type\":\"SearchAction\",\"target\":{\"@type\":\"EntryPoint\",\"urlTemplate\":\"https:\/\/sbamadvisors.com\/?s={search_term_string}\"},\"query-input\":{\"@type\":\"PropertyValueSpecification\",\"valueRequired\":true,\"valueName\":\"search_term_string\"}}],\"inLanguage\":\"it-IT\"},{\"@type\":\"Organization\",\"@id\":\"https:\/\/sbamadvisors.com\/#organization\",\"name\":\"Sbc Consulting Europe\",\"url\":\"https:\/\/sbamadvisors.com\/\",\"logo\":{\"@type\":\"ImageObject\",\"inLanguage\":\"it-IT\",\"@id\":\"https:\/\/sbamadvisors.com\/#\/schema\/logo\/image\/\",\"url\":\"https:\/\/sbamadvisors.com\/wp-content\/uploads\/2023\/12\/logo-2_Tavola-disegno-1.png\",\"contentUrl\":\"https:\/\/sbamadvisors.com\/wp-content\/uploads\/2023\/12\/logo-2_Tavola-disegno-1.png\",\"width\":4167,\"height\":4167,\"caption\":\"Sbc Consulting Europe\"},\"image\":{\"@id\":\"https:\/\/sbamadvisors.com\/#\/schema\/logo\/image\/\"}}]}<\/script>\n<!-- \/ Yoast SEO plugin. -->","yoast_head_json":{"title":"Portfolio - SBAM Advisors","robots":{"index":"index","follow":"follow","max-snippet":"max-snippet:-1","max-image-preview":"max-image-preview:large","max-video-preview":"max-video-preview:-1"},"canonical":"https:\/\/sbamadvisors.com\/?page_id=492&lang=es","og_locale":"it_IT","og_type":"article","og_title":"Portfolio - SBAM Advisors","og_description":"Nuestras estructuras Escaparate de la elegancia: Nuestra galer\u00eda de propiedades atemporales Palazzo San Gregorio Esta incre\u00edble propiedad ha sido completamente renovada y equipada con sofisticados sistemas tecnol\u00f3gicos que domotizan totalmente toda la gesti\u00f3n de su planta. D\u00e9jate Conquistar! Villa Barbarosa Villa privada con espectaculares vistas en Formentera, a pocos metros el Mirador. D\u00e9jate Conquistar! Villa [&hellip;]","og_url":"https:\/\/sbamadvisors.com\/?page_id=492&lang=es","og_site_name":"SBAM Advisors","article_modified_time":"2023-12-22T16:00:50+00:00","og_image":[{"url":"https:\/\/sbamadvisors.com\/wp-content\/uploads\/2023\/12\/bg-hero-pages-luxior-by-hellokuro-and-okko-w-1.png","type":"","width":"","height":""}],"twitter_card":"summary_large_image","twitter_misc":{"Tempo di lettura stimato":"1 minuto"},"schema":{"@context":"https:\/\/schema.org","@graph":[{"@type":"WebPage","@id":"https:\/\/sbamadvisors.com\/?page_id=492&lang=es","url":"https:\/\/sbamadvisors.com\/?page_id=492&lang=es","name":"Portfolio - SBAM Advisors","isPartOf":{"@id":"https:\/\/sbamadvisors.com\/#website"},"primaryImageOfPage":{"@id":"https:\/\/sbamadvisors.com\/?page_id=492&lang=es#primaryimage"},"image":{"@id":"https:\/\/sbamadvisors.com\/?page_id=492&lang=es#primaryimage"},"thumbnailUrl":"https:\/\/sbamadvisors.com\/wp-content\/uploads\/2023\/12\/bg-hero-pages-luxior-by-hellokuro-and-okko-w-1.png","datePublished":"2023-12-22T08:42:20+00:00","dateModified":"2023-12-22T16:00:50+00:00","breadcrumb":{"@id":"https:\/\/sbamadvisors.com\/?page_id=492&lang=es#breadcrumb"},"inLanguage":"it-IT","potentialAction":[{"@type":"ReadAction","target":["https:\/\/sbamadvisors.com\/?page_id=492&lang=es"]}]},{"@type":"ImageObject","inLanguage":"it-IT","@id":"https:\/\/sbamadvisors.com\/?page_id=492&lang=es#primaryimage","url":"https:\/\/sbamadvisors.com\/wp-content\/uploads\/2023\/12\/bg-hero-pages-luxior-by-hellokuro-and-okko-w-1.png","contentUrl":"https:\/\/sbamadvisors.com\/wp-content\/uploads\/2023\/12\/bg-hero-pages-luxior-by-hellokuro-and-okko-w-1.png","width":1920,"height":185},{"@type":"BreadcrumbList","@id":"https:\/\/sbamadvisors.com\/?page_id=492&lang=es#breadcrumb","itemListElement":[{"@type":"ListItem","position":1,"name":"Home","item":"https:\/\/sbamadvisors.com\/?page_id=103&lang=es"},{"@type":"ListItem","position":2,"name":"Portfolio"}]},{"@type":"WebSite","@id":"https:\/\/sbamadvisors.com\/#website","url":"https:\/\/sbamadvisors.com\/","name":"Sbc Consulting Europe","description":"","publisher":{"@id":"https:\/\/sbamadvisors.com\/#organization"},"potentialAction":[{"@type":"SearchAction","target":{"@type":"EntryPoint","urlTemplate":"https:\/\/sbamadvisors.com\/?s={search_term_string}"},"query-input":{"@type":"PropertyValueSpecification","valueRequired":true,"valueName":"search_term_string"}}],"inLanguage":"it-IT"},{"@type":"Organization","@id":"https:\/\/sbamadvisors.com\/#organization","name":"Sbc Consulting Europe","url":"https:\/\/sbamadvisors.com\/","logo":{"@type":"ImageObject","inLanguage":"it-IT","@id":"https:\/\/sbamadvisors.com\/#\/schema\/logo\/image\/","url":"https:\/\/sbamadvisors.com\/wp-content\/uploads\/2023\/12\/logo-2_Tavola-disegno-1.png","contentUrl":"https:\/\/sbamadvisors.com\/wp-content\/uploads\/2023\/12\/logo-2_Tavola-disegno-1.png","width":4167,"height":4167,"caption":"Sbc Consulting Europe"},"image":{"@id":"https:\/\/sbamadvisors.com\/#\/schema\/logo\/image\/"}}]}},"_links":{"self":[{"href":"https:\/\/sbamadvisors.com\/index.php?rest_route=\/wp\/v2\/pages\/492","targetHints":{"allow":["GET"]}}],"collection":[{"href":"https:\/\/sbamadvisors.com\/index.php?rest_route=\/wp\/v2\/pages"}],"about":[{"href":"https:\/\/sbamadvisors.com\/index.php?rest_route=\/wp\/v2\/types\/page"}],"author":[{"embeddable":true,"href":"https:\/\/sbamadvisors.com\/index.php?rest_route=\/wp\/v2\/users\/1"}],"replies":[{"embeddable":true,"href":"https:\/\/sbamadvisors.com\/index.php?rest_route=%2Fwp%2Fv2%2Fcomments&post=492"}],"version-history":[{"count":49,"href":"https:\/\/sbamadvisors.com\/index.php?rest_route=\/wp\/v2\/pages\/492\/revisions"}],"predecessor-version":[{"id":753,"href":"https:\/\/sbamadvisors.com\/index.php?rest_route=\/wp\/v2\/pages\/492\/revisions\/753"}],"wp:attachment":[{"href":"https:\/\/sbamadvisors.com\/index.php?rest_route=%2Fwp%2Fv2%2Fmedia&parent=492"}],"curies":[{"name":"wp","href":"https:\/\/api.w.org\/{rel}","templated":true}]}}